{"id":17,"date":"2016-01-08T09:08:17","date_gmt":"2016-01-08T09:08:17","guid":{"rendered":"http:\/\/textor-marburg.de\/?page_id=17"},"modified":"2016-01-08T14:02:14","modified_gmt":"2016-01-08T14:02:14","slug":"denkmalschutz","status":"publish","type":"page","link":"https:\/\/textor-marburg.de\/?page_id=17","title":{"rendered":"Denkmalschutz"},"content":{"rendered":"<p>T\u00fcren im Denkmalschutz.<br \/>\nHistorische Ansichten erhalten.<\/p>\n<p>Aus den verschiedensten Gr\u00fcnden kann es erforderlich sein, alte Haust\u00fcren zu erneuern. Viele T\u00fcren k\u00f6nnen nicht auf den aktuellen Stand des W\u00e4rmeschutzes oder sicherer Schlie\u00dftechnik gebracht werden. Dann ist der Neubau einer Haust\u00fcr n\u00f6tig.<\/p>\n<p>Um die Ansicht des Hauses zu erhalten, bauen wir Haust\u00fcren und sonstige T\u00fcren und Fenster in Absprache mit den zust\u00e4ndigen Stellen des Denkmalschutzes in alter Form und Gestaltung nach.<\/p>\n<p><a href=\"http:\/\/textor-marburg.de\/wp-content\/uploads\/2016\/01\/Denkmalschutz01.jpg\" rel=\"attachment wp-att-123\"><img loading=\"lazy\" decoding=\"async\" class=\"wp-image-123 size-medium alignnone\" src=\"http:\/\/textor-marburg.de\/wp-content\/uploads\/2016\/01\/Denkmalschutz01-300x300.jpg\" alt=\"Denkmalschutz01\" width=\"300\" height=\"300\" srcset=\"https:\/\/textor-marburg.de\/wp-content\/uploads\/2016\/01\/Denkmalschutz01-300x300.jpg 300w, https:\/\/textor-marburg.de\/wp-content\/uploads\/2016\/01\/Denkmalschutz01-150x150.jpg 150w, https:\/\/textor-marburg.de\/wp-content\/uploads\/2016\/01\/Denkmalschutz01.jpg 400w\" sizes=\"auto, (max-width: 300px) 100vw, 300px\" \/><\/a><a href=\"http:\/\/textor-marburg.de\/wp-content\/uploads\/2016\/01\/Denkmalschutz02.jpg\" rel=\"attachment wp-att-124\"><img loading=\"lazy\" decoding=\"async\" class=\"wp-image-124 size-medium alignnone\" src=\"http:\/\/textor-marburg.de\/wp-content\/uploads\/2016\/01\/Denkmalschutz02-225x300.jpg\" alt=\"Denkmalschutz02\" width=\"225\" height=\"300\" srcset=\"https:\/\/textor-marburg.de\/wp-content\/uploads\/2016\/01\/Denkmalschutz02-225x300.jpg 225w, https:\/\/textor-marburg.de\/wp-content\/uploads\/2016\/01\/Denkmalschutz02.jpg 300w\" sizes=\"auto, (max-width: 225px) 100vw, 225px\" \/><br \/>\n<\/a>Links ist ein Bild der Originalt\u00fcr und daneben ist unser Entwurf f\u00fcr die Genehmigung der neuen zu sehen.<br \/>\nRechts ist der Nachbau nach dem historischen Vorbild, mit moderner Schlie\u00dftechnik und W\u00e4rmeschutz.<br \/>\nBei Nachbauten kann von uns die Planung und Abwicklung der Genehmigung \u00fcbernommen werden.<\/p>\n<p><a href=\"http:\/\/textor-marburg.de\/wp-content\/uploads\/2016\/01\/lfd-alte-tuer-01.jpeg\" rel=\"attachment wp-att-125\"><img loading=\"lazy\" decoding=\"async\" class=\"alignnone wp-image-125 size-medium\" src=\"http:\/\/textor-marburg.de\/wp-content\/uploads\/2016\/01\/lfd-alte-tuer-01-225x300.jpeg\" alt=\"lfd-alte-tuer-01\" width=\"225\" height=\"300\" srcset=\"https:\/\/textor-marburg.de\/wp-content\/uploads\/2016\/01\/lfd-alte-tuer-01-225x300.jpeg 225w, https:\/\/textor-marburg.de\/wp-content\/uploads\/2016\/01\/lfd-alte-tuer-01.jpeg 300w\" sizes=\"auto, (max-width: 225px) 100vw, 225px\" \/><\/a><img loading=\"lazy\" decoding=\"async\" class=\"alignnone size-medium wp-image-126\" src=\"http:\/\/textor-marburg.de\/wp-content\/uploads\/2016\/01\/lfd-neue-tuer-02-199x300.jpeg\" alt=\"lfd-neue-tuer-02\" width=\"199\" height=\"300\" srcset=\"https:\/\/textor-marburg.de\/wp-content\/uploads\/2016\/01\/lfd-neue-tuer-02-199x300.jpeg 199w, https:\/\/textor-marburg.de\/wp-content\/uploads\/2016\/01\/lfd-neue-tuer-02.jpeg 265w\" sizes=\"auto, (max-width: 199px) 100vw, 199px\" \/><br \/>\nLinks wieder das Original einer zweifl\u00fcgligen Haust\u00fcr, rechts der Nachbau. Besonders interessant ist hier die Form der Holz-Sprossen. Doch auch bei diesen Formen konnte ein modernes 2-Scheiben Isolierglas eingebaut werden.<a href=\"http:\/\/textor-marburg.de\/wp-content\/uploads\/2016\/01\/lfd-alte-tuer-01.jpeg\" rel=\"attachment wp-att-125\"><br \/>\n<\/a><\/p>\n<p>Fragen Sie uns. Wir machen vieles m\u00f6glich.<\/p>\n","protected":false},"excerpt":{"rendered":"<p>T\u00fcren im Denkmalschutz. Historische Ansichten erhalten. Aus den verschiedensten Gr\u00fcnden kann es erforderlich sein, alte Haust\u00fcren zu erneuern. Viele T\u00fcren k\u00f6nnen nicht auf den aktuellen Stand des W\u00e4rmeschutzes oder sicherer Schlie\u00dftechnik gebracht werden. Dann ist der Neubau einer Haust\u00fcr n\u00f6tig. Um die Ansicht des Hauses zu erhalten, bauen wir Haust\u00fcren und sonstige T\u00fcren und Fenster [&hellip;]<\/p>\n","protected":false},"author":1,"featured_media":0,"parent":0,"menu_order":20,"comment_status":"closed","ping_status":"closed","template":"","meta":{"footnotes":""},"class_list":["post-17","page","type-page","status-publish","hentry"],"_links":{"self":[{"href":"https:\/\/textor-marburg.de\/index.php?rest_route=\/wp\/v2\/pages\/17","targetHints":{"allow":["GET"]}}],"collection":[{"href":"https:\/\/textor-marburg.de\/index.php?rest_route=\/wp\/v2\/pages"}],"about":[{"href":"https:\/\/textor-marburg.de\/index.php?rest_route=\/wp\/v2\/types\/page"}],"author":[{"embeddable":true,"href":"https:\/\/textor-marburg.de\/index.php?rest_route=\/wp\/v2\/users\/1"}],"replies":[{"embeddable":true,"href":"https:\/\/textor-marburg.de\/index.php?rest_route=%2Fwp%2Fv2%2Fcomments&post=17"}],"version-history":[{"count":3,"href":"https:\/\/textor-marburg.de\/index.php?rest_route=\/wp\/v2\/pages\/17\/revisions"}],"predecessor-version":[{"id":129,"href":"https:\/\/textor-marburg.de\/index.php?rest_route=\/wp\/v2\/pages\/17\/revisions\/129"}],"wp:attachment":[{"href":"https:\/\/textor-marburg.de\/index.php?rest_route=%2Fwp%2Fv2%2Fmedia&parent=17"}],"curies":[{"name":"wp","href":"https:\/\/api.w.org\/{rel}","templated":true}]}}