{"id":19,"date":"2016-01-08T09:10:45","date_gmt":"2016-01-08T09:10:45","guid":{"rendered":"http:\/\/textor-marburg.de\/?page_id=19"},"modified":"2016-01-08T12:27:06","modified_gmt":"2016-01-08T12:27:06","slug":"service","status":"publish","type":"page","link":"https:\/\/textor-marburg.de\/?page_id=19","title":{"rendered":"Service"},"content":{"rendered":"<p>Was wir noch alles so machen&#8230;<\/p>\n<h2>Wartung an Fenstern und T\u00fcren<\/h2>\n<p>Die regelm\u00e4\u00dfige Wartung von Fenstern und T\u00fcren ist wichtig f\u00fcr die Lebensdauer von beweglichen\u00a0Beschlagsteilen. Ein Wartung ist nicht teuer und\u00a0rechnet sich, weil die Ersatzbeschaffung erheblich\u00a0mehr kostet.<br \/>\nWenn es am Fenster klemmt, knarrt oder schwer geht,\u00a0ist es manchmal schon zu sp\u00e4t und es m\u00fcssen Teile\u00a0des Beschlags erneuert werden. Das ist gerade bei sehr alten\u00a0oder seltenen Beschl\u00e4gen schwierig. Doch auch daf\u00fcr\u00a0finden wir meistens eine L\u00f6sung.<\/p>\n<p>Ein Auto kommt einmal im Jahr zur Inspektion. Und Ihre Fenster?<\/p>\n<p>&nbsp;<\/p>\n<h2>Unsere Dienstleistungen<\/h2>\n<p>-Reparaturen und Instandsetzung an<br \/>\nFenstern, T\u00fcren, M\u00f6beln, Roll\u00e4den usw.<br \/>\n-Restauration von M\u00f6beln und Fenstern<br \/>\n-Einbruchschutz f\u00fcr Fenster und T\u00fcren<br \/>\n-Beratung und Gestaltung<br \/>\n-Vermittlung von anderen Gewerken<br \/>\n-Angebote und Preisermittlungen<\/p>\n","protected":false},"excerpt":{"rendered":"<p>Was wir noch alles so machen&#8230; Wartung an Fenstern und T\u00fcren Die regelm\u00e4\u00dfige Wartung von Fenstern und T\u00fcren ist wichtig f\u00fcr die Lebensdauer von beweglichen\u00a0Beschlagsteilen. Ein Wartung ist nicht teuer und\u00a0rechnet sich, weil die Ersatzbeschaffung erheblich\u00a0mehr kostet. Wenn es am Fenster klemmt, knarrt oder schwer geht,\u00a0ist es manchmal schon zu sp\u00e4t und es m\u00fcssen Teile\u00a0des [&hellip;]<\/p>\n","protected":false},"author":1,"featured_media":0,"parent":0,"menu_order":25,"comment_status":"closed","ping_status":"closed","template":"","meta":{"footnotes":""},"class_list":["post-19","page","type-page","status-publish","hentry"],"_links":{"self":[{"href":"https:\/\/textor-marburg.de\/index.php?rest_route=\/wp\/v2\/pages\/19","targetHints":{"allow":["GET"]}}],"collection":[{"href":"https:\/\/textor-marburg.de\/index.php?rest_route=\/wp\/v2\/pages"}],"about":[{"href":"https:\/\/textor-marburg.de\/index.php?rest_route=\/wp\/v2\/types\/page"}],"author":[{"embeddable":true,"href":"https:\/\/textor-marburg.de\/index.php?rest_route=\/wp\/v2\/users\/1"}],"replies":[{"embeddable":true,"href":"https:\/\/textor-marburg.de\/index.php?rest_route=%2Fwp%2Fv2%2Fcomments&post=19"}],"version-history":[{"count":3,"href":"https:\/\/textor-marburg.de\/index.php?rest_route=\/wp\/v2\/pages\/19\/revisions"}],"predecessor-version":[{"id":95,"href":"https:\/\/textor-marburg.de\/index.php?rest_route=\/wp\/v2\/pages\/19\/revisions\/95"}],"wp:attachment":[{"href":"https:\/\/textor-marburg.de\/index.php?rest_route=%2Fwp%2Fv2%2Fmedia&parent=19"}],"curies":[{"name":"wp","href":"https:\/\/api.w.org\/{rel}","templated":true}]}}