{"id":21,"date":"2016-01-08T09:11:16","date_gmt":"2016-01-08T09:11:16","guid":{"rendered":"http:\/\/textor-marburg.de\/?page_id=21"},"modified":"2025-07-17T10:30:46","modified_gmt":"2025-07-17T09:30:46","slug":"kontakt","status":"publish","type":"page","link":"https:\/\/textor-marburg.de\/?page_id=21","title":{"rendered":"Kontakt"},"content":{"rendered":"<p>G. Heinrich Textor e.K.<br \/>\nZu den Sandbeeten 3<br \/>\n35043 Marburg<\/p>\n<p>Telefon: <a href=\"tel:+496421953379\">+49 (0)6421 953379<\/a><\/p>\n<p>elektronische Post*: info (\u00e4t) heinrich-textor (Punkt) de<\/p>\n<p><em><strong>Sommerurlaub 2025:<\/strong><\/em> 28.07.2025 bis 01.08.2025<\/p>\n<p><strong>Arbeitszeiten Schreinerei:<\/strong><br \/>\n<em>Mo. bis Do. 7.15 bis 16.00 Uhr<\/em><br \/>\n<em> Fr. 7.15 bis 13.35 Uhr<\/em><br \/>\nandere Zeiten nach Vereinbarung<\/p>\n<p><strong>\u00d6ffnungszeiten Beratung und Verkauf Drops-Wolle<\/strong><br \/>\n<em>Mo. 10.00 &#8211; 13.00 Uhr<\/em><br \/>\n<em> Di. 10.00 &#8211; 13.00 Uhr<\/em><br \/>\n<em> Mi.\u00a010.00 &#8211; 13.00 Uhr<\/em><br \/>\n<em> Do. 10.00 &#8211; 13.00 Uhr<\/em><br \/>\n<em> Fr.\u00a010.00 &#8211; 13.00 Uhr<\/em><br \/>\n<i>andere Zeiten nach Vereinbarung<\/i><\/p>\n<hr \/>\n<p>Der Weg zu uns:<\/p>\n<p><iframe loading=\"lazy\" style=\"border: 1px solid black;\" src=\"https:\/\/www.openstreetmap.org\/export\/embed.html?bbox=8.756800889968872%2C50.778053512925645%2C8.769053220748901%2C50.783561896323924&amp;layer=mapnik&amp;marker=50.78080778573434%2C8.762927055358887\" width=\"325\" height=\"350\" frameborder=\"0\" marginwidth=\"0\" marginheight=\"0\" scrolling=\"no\"><\/iframe><br \/>\n<small><a href=\"https:\/\/www.openstreetmap.org\/?mlat=50.78081&amp;mlon=8.76293#map=17\/50.78081\/8.76293\" target=\"_blank\" rel=\"noopener noreferrer\">Gr\u00f6\u00dfere Karte anzeigen<\/a><\/small><\/p>\n<hr \/>\n<p>*Info zur Mailadresse: ersetzen Sie (\u00e4t) durch das bekannte Zeichen &#8222;@&#8220;, (Punkt) durch einen &#8222;.&#8220; Die Leerzeichen dazwischen lassen Sie einfach weg.<br \/>\nLeider sind wir dazu gezwungen die mailadresse so darzustellen, weil immer mehr spam unser Postfach f\u00fcllt. Selbst Filter bringen nicht bei allen unerw\u00fcnschten Zusendungen etwas. Wir haben uns f\u00fcr diese Variante entschieden, damit Ihre Nachricht nicht auch in einem sehr sensiblen Spamfilter landet.<br \/>\nWeiteres \u00fcber Spam ist auch in dem <a href=\"http:\/\/textor-marburg.de\/?p=392\">Beitrag<\/a> \u00fcber den Mi\u00dfbrauch einer Mailadresse.<\/p>\n","protected":false},"excerpt":{"rendered":"<p>G. Heinrich Textor e.K. Zu den Sandbeeten 3 35043 Marburg Telefon: +49 (0)6421 953379 elektronische Post*: info (\u00e4t) heinrich-textor (Punkt) de Sommerurlaub 2025: 28.07.2025 bis 01.08.2025 Arbeitszeiten Schreinerei: Mo. bis Do. 7.15 bis 16.00 Uhr Fr. 7.15 bis 13.35 Uhr andere Zeiten nach Vereinbarung \u00d6ffnungszeiten Beratung und Verkauf Drops-Wolle Mo. 10.00 &#8211; 13.00 Uhr Di. [&hellip;]<\/p>\n","protected":false},"author":1,"featured_media":0,"parent":0,"menu_order":30,"comment_status":"closed","ping_status":"closed","template":"page-templates\/front-page.php","meta":{"footnotes":""},"class_list":["post-21","page","type-page","status-publish","hentry"],"_links":{"self":[{"href":"https:\/\/textor-marburg.de\/index.php?rest_route=\/wp\/v2\/pages\/21","targetHints":{"allow":["GET"]}}],"collection":[{"href":"https:\/\/textor-marburg.de\/index.php?rest_route=\/wp\/v2\/pages"}],"about":[{"href":"https:\/\/textor-marburg.de\/index.php?rest_route=\/wp\/v2\/types\/page"}],"author":[{"embeddable":true,"href":"https:\/\/textor-marburg.de\/index.php?rest_route=\/wp\/v2\/users\/1"}],"replies":[{"embeddable":true,"href":"https:\/\/textor-marburg.de\/index.php?rest_route=%2Fwp%2Fv2%2Fcomments&post=21"}],"version-history":[{"count":46,"href":"https:\/\/textor-marburg.de\/index.php?rest_route=\/wp\/v2\/pages\/21\/revisions"}],"predecessor-version":[{"id":527,"href":"https:\/\/textor-marburg.de\/index.php?rest_route=\/wp\/v2\/pages\/21\/revisions\/527"}],"wp:attachment":[{"href":"https:\/\/textor-marburg.de\/index.php?rest_route=%2Fwp%2Fv2%2Fmedia&parent=21"}],"curies":[{"name":"wp","href":"https:\/\/api.w.org\/{rel}","templated":true}]}}