{"id":23,"date":"2016-01-08T09:11:41","date_gmt":"2016-01-08T09:11:41","guid":{"rendered":"http:\/\/textor-marburg.de\/?page_id=23"},"modified":"2018-05-25T07:30:22","modified_gmt":"2018-05-25T06:30:22","slug":"impressum","status":"publish","type":"page","link":"https:\/\/textor-marburg.de\/?page_id=23","title":{"rendered":"Impressum"},"content":{"rendered":"<p>G. Heinrich Textor e.K.<br \/>\nZu den Sandbeeten 3<br \/>\n35043 Marburg<\/p>\n<p>Telefon: 0 64 21 \u00a095 33 79<\/p>\n<p>elektronische Post*: info (\u00e4t) heinrich-textor (Punkt) de<\/p>\n<p>Ust.-ID: DE197939235<\/p>\n<p>Handelsregister: HRA 2247 Amtsgericht Marburg<\/p>\n<p>Berufsbezeichnung: Schreinermeister, Bundesrepublik Deutschland<\/p>\n<p>Zust\u00e4ndige Handwerkskammer:<br \/>\nHandwerkskammer Kassel<br \/>\nScheidemannplatz 2<br \/>\n34117 Kassel<br \/>\n<a href=\"http:\/\/www.hwk-kassel.de\" target=\"_blank\" rel=\"noopener\">www.hwk-kassel.de<\/a><\/p>\n<p>Verantwortlich f\u00fcr die Gestaltung und den Inhalt dieser Seiten:<br \/>\nGuido Textor<br \/>\nAnschrift s. oben<\/p>\n<p>Verbraucherschlichtung<br \/>\nDie Firma G. Heinrich Textor e.K. beteiligt sich nicht an Verbraucherschlichtungsverfahren nach dem Verbraucherstreitbeilegungsgesetz.<br \/>\nStreitigkeiten \u00fcber den geschlossenen Vertrag und dessen Ausf\u00fchrung k\u00f6nnen vor der Vermittlungsstelle<br \/>\nHandwerkskammer Kassel<br \/>\nScheidemannplatz 2<br \/>\n34117 Kassel<br \/>\n<a href=\"http:\/\/www.hwk-kassel.de\" target=\"_blank\" rel=\"noopener\">www.hwk-kassel.de<\/a><br \/>\nverhandelt werden.<\/p>\n<p>&nbsp;<\/p>\n<p>Unsere allgemeinen Gesch\u00e4ftsbedingungen (AGB) zum Herunterladen als PDF:<br \/>\n<a href=\"http:\/\/textor-marburg.de\/wp-content\/uploads\/2017\/06\/AGB-2016.pdf\" target=\"_blank\" rel=\"noopener\">AGB<\/a><\/p>\n<p>*Info zur mailadresse: ersetzen Sie (\u00e4t) durch das bekannte Zeichen \u201e@\u201c, (Punkt) durch einen \u201e.\u201c Die Leerzeichen dazwischen lassen Sie einfach weg.<br \/>\nLeider sind wir dazu gezwungen die mailadresse so darzustellen, weil immer mehr spam unser Postfach f\u00fcllt. Selbst Filter bringen nicht bei allen unerw\u00fcnschten Zusendungen etwas. Wir haben uns f\u00fcr diese Variante entschieden, damit Ihre Nachricht nicht auch in einem sehr sensiblen Spamfilter landet.<\/p>\n<p><strong>Informationen zur Datenerhebung gem\u00e4\u00df Artikel 13 DSGVO<br \/>\n<\/strong>Die Firma G. Heinrich Textor e.K. erhebt Ihre Daten zum Zweck der Vertragsdurchf\u00fchrung, zur Erf\u00fcllung ihrer vertraglichen und vorvertraglichen Pflichten sowie zur Direktwerbung. Die Datenerhebung und Datenverarbeitung ist f\u00fcr die Durchf\u00fchrung des Vertrags erforderlich und beruht auf Artikel 6 Abs. 1 b) DSGVO. Eine Weitergabe der Daten an Dritte findet nicht statt. Die Daten werden gel\u00f6scht, sobald sie f\u00fcr den Zweck ihrer Verarbeitung nicht mehr erforderlich sind.<br \/>\nSie haben das Recht, der Verwendung Ihrer Daten zum Zweck der Direktwerbung jederzeit zu widersprechen. Zudem sind Sie berechtigt, Auskunft der bei uns \u00fcber Sie gespeicherten Daten zu beantragen sowie bei Unrichtigkeit der Daten die Berichtigung oder bei unzul\u00e4ssiger Datenspeicherung die L\u00f6schung der Daten zu fordern. Sie k\u00f6nnen uns unter <a href=\"http:\/\/textor-marburg.de\/?page_id=21\">Kontakt<\/a> oder unter G. Heinrich Textor e.K., Zu den Sandbeeten 3, 35043 Marburg, erreichen.<br \/>\nIhnen steht des Weiteren ein Beschwerderecht bei der Aufsichtsbeh\u00f6rde zu.<\/p>\n<p><strong>Urheberrecht:<\/strong><br \/>\nDas Layout dieser Webseiten, der verwendeten Grafiken und Bilder\u00a0und die Inhalte sind urheberrechtlich gesch\u00fctzt. Die Seiten d\u00fcrfen\u00a0nur zum privaten Gebrauch vervielf\u00e4ltigt werden. \u00c4nderungen d\u00fcrfen\u00a0nicht vorgenommen werden. Vervielf\u00e4ltigungen d\u00fcrfen weder verbreitet,\u00a0gewerblich genutzt noch \u00f6ffentlich wiedergegeben werden. Die weitere\u00a0Verwendung des Bild- und Textmaterials bedarf der Zustimmung der\u00a0Firma G. Heinrich Textor e.K.<\/p>\n<p><strong>Haftung:<\/strong><br \/>\nSollten Inhalte dieser Seiten oder weiterf\u00fchrende links gegen geltendes\u00a0Recht versto\u00dfen oder jemanden diskiminieren, distanzieren wir uns\u00a0ausdr\u00fccklich von diesen Inhalten. Sollte jemand Einw\u00e4nde gegen die Inhalte\u00a0dieser Seiten oder weiterf\u00fchrende links haben, bitten wir um kostenfreie\u00a0Benachrichtigung.<\/p>\n","protected":false},"excerpt":{"rendered":"<p>G. Heinrich Textor e.K. Zu den Sandbeeten 3 35043 Marburg Telefon: 0 64 21 \u00a095 33 79 elektronische Post*: info (\u00e4t) heinrich-textor (Punkt) de Ust.-ID: DE197939235 Handelsregister: HRA 2247 Amtsgericht Marburg Berufsbezeichnung: Schreinermeister, Bundesrepublik Deutschland Zust\u00e4ndige Handwerkskammer: Handwerkskammer Kassel Scheidemannplatz 2 34117 Kassel www.hwk-kassel.de Verantwortlich f\u00fcr die Gestaltung und den Inhalt dieser Seiten: Guido Textor [&hellip;]<\/p>\n","protected":false},"author":1,"featured_media":0,"parent":0,"menu_order":35,"comment_status":"closed","ping_status":"closed","template":"page-templates\/front-page.php","meta":{"footnotes":""},"class_list":["post-23","page","type-page","status-publish","hentry"],"_links":{"self":[{"href":"https:\/\/textor-marburg.de\/index.php?rest_route=\/wp\/v2\/pages\/23","targetHints":{"allow":["GET"]}}],"collection":[{"href":"https:\/\/textor-marburg.de\/index.php?rest_route=\/wp\/v2\/pages"}],"about":[{"href":"https:\/\/textor-marburg.de\/index.php?rest_route=\/wp\/v2\/types\/page"}],"author":[{"embeddable":true,"href":"https:\/\/textor-marburg.de\/index.php?rest_route=\/wp\/v2\/users\/1"}],"replies":[{"embeddable":true,"href":"https:\/\/textor-marburg.de\/index.php?rest_route=%2Fwp%2Fv2%2Fcomments&post=23"}],"version-history":[{"count":20,"href":"https:\/\/textor-marburg.de\/index.php?rest_route=\/wp\/v2\/pages\/23\/revisions"}],"predecessor-version":[{"id":428,"href":"https:\/\/textor-marburg.de\/index.php?rest_route=\/wp\/v2\/pages\/23\/revisions\/428"}],"wp:attachment":[{"href":"https:\/\/textor-marburg.de\/index.php?rest_route=%2Fwp%2Fv2%2Fmedia&parent=23"}],"curies":[{"name":"wp","href":"https:\/\/api.w.org\/{rel}","templated":true}]}}