{"id":481,"date":"2019-08-29T15:38:11","date_gmt":"2019-08-29T14:38:11","guid":{"rendered":"http:\/\/textor-marburg.de\/?page_id=481"},"modified":"2019-08-29T16:19:01","modified_gmt":"2019-08-29T15:19:01","slug":"termine","status":"publish","type":"page","link":"https:\/\/textor-marburg.de\/?page_id=481","title":{"rendered":"Termin vereinbaren"},"content":{"rendered":"\n<iframe loading=\"lazy\" src=\"https:\/\/www.terminland.de\/heinrich-textor\/?mode=frame\" scrolling=\"auto\" marginwidth=\"0\" marginheight=\"0\" vspace=\"0\" hspace=\"0\" width=\"100%\" height=\"850\" frameborder=\"0\">\n    <p>\n      Ihr Browser kann leider keine eingebetteten Frames anzeigen:\n      Sie k\u00f6nnen die Online-Terminbuchung \u00fcber den folgenden Verweis aufrufen:\n      <a href=\"https:\/\/www.terminland.de\/heinrich-textor\/\">Online-Terminbuchung<\/a>\n    <\/p>\n<\/iframe>\n\n\n\n<p>Bitte beachten Sie folgendes bei der Terminbuchung:<br>Die von Ihnen gebuchten Termine sind verbindlich. Bei Vor-Ort Terminen kommt ein Mitarbeiter zu Ihnen.<br>Daf\u00fcr und f\u00fcr die bei Ihnen geleistete Arbeitszeit erhalten Sie eine Rechnung.<br>Der Termin wird per e-Mail best\u00e4tigt und Sie k\u00f6nnen ausw\u00e4hlen, ob Sie eine Erinnerungsmail bekommen m\u00f6chten.<\/p>\n","protected":false},"excerpt":{"rendered":"<p>Ihr Browser kann leider keine eingebetteten Frames anzeigen: Sie k\u00f6nnen die Online-Terminbuchung \u00fcber den folgenden Verweis aufrufen: Online-Terminbuchung Bitte beachten Sie folgendes bei der Terminbuchung:Die von Ihnen gebuchten Termine sind verbindlich. Bei Vor-Ort Terminen kommt ein Mitarbeiter zu Ihnen.Daf\u00fcr und f\u00fcr die bei Ihnen geleistete Arbeitszeit erhalten Sie eine Rechnung.Der Termin wird per e-Mail best\u00e4tigt [&hellip;]<\/p>\n","protected":false},"author":1,"featured_media":0,"parent":0,"menu_order":30,"comment_status":"closed","ping_status":"closed","template":"","meta":{"footnotes":""},"class_list":["post-481","page","type-page","status-publish","hentry"],"_links":{"self":[{"href":"https:\/\/textor-marburg.de\/index.php?rest_route=\/wp\/v2\/pages\/481","targetHints":{"allow":["GET"]}}],"collection":[{"href":"https:\/\/textor-marburg.de\/index.php?rest_route=\/wp\/v2\/pages"}],"about":[{"href":"https:\/\/textor-marburg.de\/index.php?rest_route=\/wp\/v2\/types\/page"}],"author":[{"embeddable":true,"href":"https:\/\/textor-marburg.de\/index.php?rest_route=\/wp\/v2\/users\/1"}],"replies":[{"embeddable":true,"href":"https:\/\/textor-marburg.de\/index.php?rest_route=%2Fwp%2Fv2%2Fcomments&post=481"}],"version-history":[{"count":4,"href":"https:\/\/textor-marburg.de\/index.php?rest_route=\/wp\/v2\/pages\/481\/revisions"}],"predecessor-version":[{"id":486,"href":"https:\/\/textor-marburg.de\/index.php?rest_route=\/wp\/v2\/pages\/481\/revisions\/486"}],"wp:attachment":[{"href":"https:\/\/textor-marburg.de\/index.php?rest_route=%2Fwp%2Fv2%2Fmedia&parent=481"}],"curies":[{"name":"wp","href":"https:\/\/api.w.org\/{rel}","templated":true}]}}